{"id":54,"date":"2017-11-23T20:52:13","date_gmt":"2017-11-23T19:52:13","guid":{"rendered":"https:\/\/die-jobcoaches.de\/mainmaster\/?page_id=54"},"modified":"2025-09-17T09:11:51","modified_gmt":"2025-09-17T07:11:51","slug":"impressum","status":"publish","type":"page","link":"https:\/\/die-jobcoaches.de\/en\/impressum\/","title":{"rendered":"Imprint"},"content":{"rendered":"<p>[et_pb_section fb_built=&#8220;1&#8243; _builder_version=&#8220;4.16&#8243; background_color=&#8220;#ff7900&#8243; global_colors_info=&#8220;{}&#8220;][et_pb_row _builder_version=&#8220;4.16&#8243; global_colors_info=&#8220;{}&#8220;][et_pb_column type=&#8220;4_4&#8243; _builder_version=&#8220;4.16&#8243; custom_padding=&#8220;|||&#8220; global_colors_info=&#8220;{}&#8220; custom_padding__hover=&#8220;|||&#8220;][et_pb_text _builder_version=&#8220;4.16&#8243; header_text_color=&#8220;#FFFFFF&#8220; global_colors_info=&#8220;{}&#8220;]<\/p>\n<h1>Imprint<\/h1>\n<p>[\/et_pb_text][\/et_pb_column][\/et_pb_row][\/et_pb_section][et_pb_section fb_built=&#8220;1&#8243; _builder_version=&#8220;4.16&#8243; global_colors_info=&#8220;{}&#8220;][et_pb_row column_structure=&#8220;1_3,2_3&#8243; _builder_version=&#8220;4.16&#8243; background_size=&#8220;initial&#8220; background_position=&#8220;top_left&#8220; background_repeat=&#8220;repeat&#8220; global_colors_info=&#8220;{}&#8220;][et_pb_column type=&#8220;1_3&#8243; _builder_version=&#8220;4.16&#8243; custom_padding=&#8220;|||&#8220; global_colors_info=&#8220;{}&#8220; custom_padding__hover=&#8220;|||&#8220;][et_pb_text _builder_version=&#8220;4.16&#8243; _module_preset=&#8220;default&#8220; global_colors_info=&#8220;{}&#8220;]<\/p>\n<p><a href=\"https:\/\/die-jobcoaches.de\/en\/kontakt\/\">Contact<\/a><\/p>\n<p><a href=\"https:\/\/die-jobcoaches.de\/en\/impressum\/\">Imprint<\/a><\/p>\n<p><a href=\"https:\/\/die-jobcoaches.de\/en\/datenschutzerklaerung\/\">Data Privacy<\/a><\/p>\n<p>[\/et_pb_text][\/et_pb_column][et_pb_column type=&#8220;2_3&#8243; _builder_version=&#8220;4.16&#8243; custom_padding=&#8220;|||&#8220; global_colors_info=&#8220;{}&#8220; custom_padding__hover=&#8220;|||&#8220;][et_pb_text _builder_version=&#8220;4.16&#8243; z_index=&#8220;0&#8243; max_width=&#8220;100%&#8220; custom_padding=&#8220;||&#8220; saved_tabs=&#8220;all&#8220; global_colors_info=&#8220;{}&#8220;]<\/p>\n<p><strong>Die Jobcoaches<\/strong><br \/>Florian Bahm<br \/>Level N \u2013 Coaching &amp; Consulting<br \/>Friedrichstra\u00dfe 171<br \/>10117 Berlin<\/p>\n<p><strong>Contact<\/strong><br \/>Phone: (030) 25493-188<br \/>E-Mail: info@level-n.org<\/p>\n<p><strong>Responsible for contents:<\/strong><br \/>Florian Bahm<br \/>Friedrichstra\u00dfe 171<br \/>10117 Berlin<\/p>\n<p><strong>VAT ID<\/strong><br \/>DE256253305<\/p>\n<p>[\/et_pb_text][et_pb_text _builder_version=&#8220;4.27.0&#8243; header_2_font=&#8220;||||||||&#8220; background_size=&#8220;initial&#8220; background_position=&#8220;top_left&#8220; background_repeat=&#8220;repeat&#8220; hover_enabled=&#8220;0&#8243; global_colors_info=&#8220;{}&#8220; sticky_enabled=&#8220;0&#8243;]<\/p>\n<h3>Dispute settlement<\/h3>\n<p>We are not willing or obliged to participate in dispute resolution proceedings before a consumer arbitration board.<\/p>\n<h3>Liability for content<\/h3>\n<p>As a service provider, we are responsible for our own content on these pages in accordance with \u00a7 7 Para.1 DDG and general legislation. According to \u00a7\u00a7 8 to 10 DDG, however, we are not obliged as a service provider to monitor transmitted or stored third-party information or to investigate circumstances that indicate illegal activity.<br \/>Obligations to remove or block the use of information in accordance with general legislation remain unaffected by this. However, liability in this respect is only possible from the time we become aware of a specific infringement. As soon as we become aware of such infringements, we will remove this content immediately.<\/p>\n<h3>Liability for Links<\/h3>\n<p>Our website contains links to external third-party websites over whose content we have no influence. Therefore, we cannot accept any liability for this third-party content. The respective provider or operator of the pages is always responsible for the content of the linked pages. The linked pages were checked for possible legal violations at the time of linking. Illegal content was not recognizable at the time of linking.<br \/>However, permanent monitoring of the content of the linked pages is not reasonable without concrete evidence of an infringement. If we become aware of any legal infringements, we will remove such links immediately.<\/p>\n<h3>Copyright<\/h3>\n<p>The content and works created by the site operators on these pages are subject to German copyright law. Duplication, processing, distribution and any kind of exploitation outside the limits of copyright law require the written consent of the respective author or creator. Downloads and copies of this site are only permitted for private, non-commercial use.<br \/>Insofar as the content on this site was not created by the operator, the copyrights of third parties are respected. In particular, third-party content is identified as such. Should you nevertheless become aware of a copyright infringement, please inform us accordingly. If we become aware of any infringements, we will remove such content immediately.<\/p>\n<h4>Design and implementation:<\/h4>\n<p><a href=\"https:\/\/www.netfame.de\" target=\"_blank\" rel=\"noopener noreferrer\">www.netfame.de<\/a><\/p>\n<p>[\/et_pb_text][\/et_pb_column][\/et_pb_row][\/et_pb_section]<\/p>","protected":false},"excerpt":{"rendered":"<p>ImpressumKontakt Impressum Datenschutzerkl\u00e4rungDie JobcoachesFlorian BahmLevel N \u2013 Coaching &amp; ConsultingFriedrichstra\u00dfe 17110117 Berlin KontaktTelefon: (030) 25493-188E-Mail: info@level-n.org Inhaltlich verantwortlich:Florian BahmFriedrichstra\u00dfe 17110117 Berlin Umsatzsteuer-Identifikationsnummer:DE256253305Streitschlichtung Wir sind nicht bereit oder verpflichtet, an Streitbeilegungsverfahren vor einer Verbraucherschlichtungsstelle teilzunehmen. Haftung f\u00fcr Inhalte Als Diensteanbieter sind wir gem\u00e4\u00df \u00a7 7 Abs.1 DDG f\u00fcr eigene Inhalte auf diesen Seiten nach den allgemeinen [&hellip;]<\/p>","protected":false},"author":1,"featured_media":0,"parent":0,"menu_order":0,"comment_status":"closed","ping_status":"closed","template":"","meta":{"_et_pb_use_builder":"on","_et_pb_old_content":"<!-- wp:html -->\n<strong>Streitschlichtung<\/strong>\n\nDie Europ\u00e4ische Kommission stellt eine Plattform zur Online-Streitbeilegung (OS) bereit:\n<span><a href=\"https:\/\/ec.europa.eu\/consumers\/odr\" target=\"_blank\" rel=\"noopener noreferrer\">https:\/\/ec.europa.eu\/consumers\/odr<\/a><\/span>.\nUnsere E-Mail-Adresse finden Sie oben im Impressum.\nWir sind nicht bereit oder verpflichtet, an Streitbeilegungsverfahren vor einer Verbraucherschlichtungsstelle teilzunehmen.\n\n<strong>Haftung f\u00fcr Inhalte<\/strong>\n\nAls Diensteanbieter sind wir gem\u00e4\u00df \u00a7 7 Abs.1 TMG f\u00fcr eigene Inhalte auf diesen Seiten nach den allgemeinen Gesetzen verantwortlich. Nach \u00a7\u00a7 8 bis 10 TMG sind wir als Diensteanbieter jedoch nicht verpflichtet, \u00fcbermittelte oder gespeicherte fremde Informationen zu \u00fcberwachen oder nach Umst\u00e4nden zu forschen, die auf eine rechtswidrige T\u00e4tigkeit hinweisen.\nVerpflichtungen zur Entfernung oder Sperrung der Nutzung von Informationen nach den allgemeinen Gesetzen bleiben hiervon unber\u00fchrt. Eine diesbez\u00fcgliche Haftung ist jedoch erst ab dem Zeitpunkt der Kenntnis einer konkreten Rechtsverletzung m\u00f6glich. Bei Bekanntwerden von entsprechenden Rechtsverletzungen werden wir diese Inhalte umgehend entfernen.\n\n<strong>Haftung f\u00fcr Links<\/strong>\n\nUnser Angebot enth\u00e4lt Links zu externen Websites Dritter, auf deren Inhalte wir keinen Einfluss haben. Deshalb k\u00f6nnen wir f\u00fcr diese fremden Inhalte auch keine Gew\u00e4hr \u00fcbernehmen. F\u00fcr die Inhalte der verlinkten Seiten ist stets der jeweilige Anbieter oder Betreiber der Seiten verantwortlich. Die verlinkten Seiten wurden zum Zeitpunkt der Verlinkung auf m\u00f6gliche Rechtsverst\u00f6\u00dfe \u00fcberpr\u00fcft. Rechtswidrige Inhalte waren zum Zeitpunkt der Verlinkung nicht erkennbar.\nEine permanente inhaltliche Kontrolle der verlinkten Seiten ist jedoch ohne konkrete Anhaltspunkte einer Rechtsverletzung nicht zumutbar. Bei Bekanntwerden von Rechtsverletzungen werden wir derartige Links umgehend entfernen.\n\n<strong>Urheberrecht<\/strong>\n\nDie durch die Seitenbetreiber erstellten Inhalte und Werke auf diesen Seiten unterliegen dem deutschen Urheberrecht. Die Vervielf\u00e4ltigung, Bearbeitung, Verbreitung und jede Art der Verwertung au\u00dferhalb der Grenzen des Urheberrechtes bed\u00fcrfen der schriftlichen Zustimmung des jeweiligen Autors bzw. Erstellers. Downloads und Kopien dieser Seite sind nur f\u00fcr den privaten, nicht kommerziellen Gebrauch gestattet.\nSoweit die Inhalte auf dieser Seite nicht vom Betreiber erstellt wurden, werden die Urheberrechte Dritter beachtet. Insbesondere werden Inhalte Dritter als solche gekennzeichnet. Sollten Sie trotzdem auf eine Urheberrechtsverletzung aufmerksam werden, bitten wir um einen entsprechenden Hinweis. Bei Bekanntwerden von Rechtsverletzungen werden wir derartige Inhalte umgehend entfernen.\n\n<strong>Bildquellen:<\/strong>\n\nPhoto by\u00a0Dan Watson\u00a0on\u00a0Unsplash\nPhoto by\u00a0Alex Perz\u00a0on\u00a0Unsplash\nPhoto by\u00a0pan xiaozhen\u00a0on\u00a0Unsplash\nPhoto by\u00a0Pawe\u0142 Czerwi\u0144ski\u00a0on\u00a0Unsplash\nPhoto by\u00a0Samuel Zeller\u00a0on\u00a0Unsplash\nPhoto by\u00a0Sergei Akulich\u00a0on\u00a0Unsplash\n\n<strong>Design und Umsetzung:<\/strong>\n\n<span><a title=\"https:\/\/www.netfame.de\" href=\"https:\/\/www.netfame.de\/\" target=\"_blank\" rel=\"noopener noreferrer\" tabindex=\"-1\">www.netfame.de<\/a><\/span>\n<!-- \/wp:html -->\n\n<!-- wp:paragraph -->\n<p><\/p>\n<!-- \/wp:paragraph -->","_et_gb_content_width":""},"yoast_head":"<!-- This site is optimized with the Yoast SEO plugin v23.5 - https:\/\/yoast.com\/wordpress\/plugins\/seo\/ -->\n<title>Impressum - Die Jobcoaches<\/title>\n<meta name=\"robots\" content=\"index, follow, max-snippet:-1, max-image-preview:large, max-video-preview:-1\" \/>\n<link rel=\"canonical\" href=\"https:\/\/die-jobcoaches.de\/en\/impressum\/\" \/>\n<meta property=\"og:locale\" content=\"en_GB\" \/>\n<meta property=\"og:type\" content=\"article\" \/>\n<meta property=\"og:title\" content=\"Impressum - Die Jobcoaches\" \/>\n<meta property=\"og:description\" content=\"ImpressumKontakt Impressum Datenschutzerkl\u00e4rungDie JobcoachesFlorian BahmLevel N \u2013 Coaching &amp; ConsultingFriedrichstra\u00dfe 17110117 Berlin KontaktTelefon: (030) 25493-188E-Mail: info@level-n.org Inhaltlich verantwortlich:Florian BahmFriedrichstra\u00dfe 17110117 Berlin Umsatzsteuer-Identifikationsnummer:DE256253305Streitschlichtung Wir sind nicht bereit oder verpflichtet, an Streitbeilegungsverfahren vor einer Verbraucherschlichtungsstelle teilzunehmen. Haftung f\u00fcr Inhalte Als Diensteanbieter sind wir gem\u00e4\u00df \u00a7 7 Abs.1 DDG f\u00fcr eigene Inhalte auf diesen Seiten nach den allgemeinen [&hellip;]\" \/>\n<meta property=\"og:url\" content=\"https:\/\/die-jobcoaches.de\/en\/impressum\/\" \/>\n<meta property=\"og:site_name\" content=\"Die Jobcoaches\" \/>\n<meta property=\"article:modified_time\" content=\"2025-09-17T07:11:51+00:00\" \/>\n<meta property=\"og:image\" content=\"https:\/\/die-jobcoaches.de\/wp-content\/uploads\/2021\/05\/jobcoaches-image1.jpg\" \/>\n\t<meta property=\"og:image:width\" content=\"592\" \/>\n\t<meta property=\"og:image:height\" content=\"659\" \/>\n\t<meta property=\"og:image:type\" content=\"image\/jpeg\" \/>\n<meta name=\"twitter:card\" content=\"summary_large_image\" \/>\n<meta name=\"twitter:label1\" content=\"Estimated reading time\" \/>\n\t<meta name=\"twitter:data1\" content=\"3 minutes\" \/>\n<script type=\"application\/ld+json\" class=\"yoast-schema-graph\">{\"@context\":\"https:\/\/schema.org\",\"@graph\":[{\"@type\":\"WebPage\",\"@id\":\"https:\/\/die-jobcoaches.de\/impressum\/\",\"url\":\"https:\/\/die-jobcoaches.de\/impressum\/\",\"name\":\"Impressum - Die Jobcoaches\",\"isPartOf\":{\"@id\":\"https:\/\/die-jobcoaches.de\/#website\"},\"datePublished\":\"2017-11-23T19:52:13+00:00\",\"dateModified\":\"2025-09-17T07:11:51+00:00\",\"breadcrumb\":{\"@id\":\"https:\/\/die-jobcoaches.de\/impressum\/#breadcrumb\"},\"inLanguage\":\"en-GB\",\"potentialAction\":[{\"@type\":\"ReadAction\",\"target\":[\"https:\/\/die-jobcoaches.de\/impressum\/\"]}]},{\"@type\":\"BreadcrumbList\",\"@id\":\"https:\/\/die-jobcoaches.de\/impressum\/#breadcrumb\",\"itemListElement\":[{\"@type\":\"ListItem\",\"position\":1,\"name\":\"Startseite\",\"item\":\"https:\/\/die-jobcoaches.de\/\"},{\"@type\":\"ListItem\",\"position\":2,\"name\":\"Impressum\"}]},{\"@type\":\"WebSite\",\"@id\":\"https:\/\/die-jobcoaches.de\/#website\",\"url\":\"https:\/\/die-jobcoaches.de\/\",\"name\":\"Die Jobcoaches\",\"description\":\"\",\"potentialAction\":[{\"@type\":\"SearchAction\",\"target\":{\"@type\":\"EntryPoint\",\"urlTemplate\":\"https:\/\/die-jobcoaches.de\/?s={search_term_string}\"},\"query-input\":{\"@type\":\"PropertyValueSpecification\",\"valueRequired\":true,\"valueName\":\"search_term_string\"}}],\"inLanguage\":\"en-GB\"}]}<\/script>\n<!-- \/ Yoast SEO plugin. -->","yoast_head_json":{"title":"Impressum - Die Jobcoaches","robots":{"index":"index","follow":"follow","max-snippet":"max-snippet:-1","max-image-preview":"max-image-preview:large","max-video-preview":"max-video-preview:-1"},"canonical":"https:\/\/die-jobcoaches.de\/en\/impressum\/","og_locale":"en_GB","og_type":"article","og_title":"Impressum - Die Jobcoaches","og_description":"ImpressumKontakt Impressum Datenschutzerkl\u00e4rungDie JobcoachesFlorian BahmLevel N \u2013 Coaching &amp; ConsultingFriedrichstra\u00dfe 17110117 Berlin KontaktTelefon: (030) 25493-188E-Mail: info@level-n.org Inhaltlich verantwortlich:Florian BahmFriedrichstra\u00dfe 17110117 Berlin Umsatzsteuer-Identifikationsnummer:DE256253305Streitschlichtung Wir sind nicht bereit oder verpflichtet, an Streitbeilegungsverfahren vor einer Verbraucherschlichtungsstelle teilzunehmen. Haftung f\u00fcr Inhalte Als Diensteanbieter sind wir gem\u00e4\u00df \u00a7 7 Abs.1 DDG f\u00fcr eigene Inhalte auf diesen Seiten nach den allgemeinen [&hellip;]","og_url":"https:\/\/die-jobcoaches.de\/en\/impressum\/","og_site_name":"Die Jobcoaches","article_modified_time":"2025-09-17T07:11:51+00:00","og_image":[{"width":592,"height":659,"url":"https:\/\/die-jobcoaches.de\/wp-content\/uploads\/2021\/05\/jobcoaches-image1.jpg","type":"image\/jpeg"}],"twitter_card":"summary_large_image","twitter_misc":{"Estimated reading time":"3 minutes"},"schema":{"@context":"https:\/\/schema.org","@graph":[{"@type":"WebPage","@id":"https:\/\/die-jobcoaches.de\/impressum\/","url":"https:\/\/die-jobcoaches.de\/impressum\/","name":"Impressum - Die Jobcoaches","isPartOf":{"@id":"https:\/\/die-jobcoaches.de\/#website"},"datePublished":"2017-11-23T19:52:13+00:00","dateModified":"2025-09-17T07:11:51+00:00","breadcrumb":{"@id":"https:\/\/die-jobcoaches.de\/impressum\/#breadcrumb"},"inLanguage":"en-GB","potentialAction":[{"@type":"ReadAction","target":["https:\/\/die-jobcoaches.de\/impressum\/"]}]},{"@type":"BreadcrumbList","@id":"https:\/\/die-jobcoaches.de\/impressum\/#breadcrumb","itemListElement":[{"@type":"ListItem","position":1,"name":"Startseite","item":"https:\/\/die-jobcoaches.de\/"},{"@type":"ListItem","position":2,"name":"Impressum"}]},{"@type":"WebSite","@id":"https:\/\/die-jobcoaches.de\/#website","url":"https:\/\/die-jobcoaches.de\/","name":"Die Jobcoaches","description":"","potentialAction":[{"@type":"SearchAction","target":{"@type":"EntryPoint","urlTemplate":"https:\/\/die-jobcoaches.de\/?s={search_term_string}"},"query-input":{"@type":"PropertyValueSpecification","valueRequired":true,"valueName":"search_term_string"}}],"inLanguage":"en-GB"}]}},"_links":{"self":[{"href":"https:\/\/die-jobcoaches.de\/en\/wp-json\/wp\/v2\/pages\/54"}],"collection":[{"href":"https:\/\/die-jobcoaches.de\/en\/wp-json\/wp\/v2\/pages"}],"about":[{"href":"https:\/\/die-jobcoaches.de\/en\/wp-json\/wp\/v2\/types\/page"}],"author":[{"embeddable":true,"href":"https:\/\/die-jobcoaches.de\/en\/wp-json\/wp\/v2\/users\/1"}],"replies":[{"embeddable":true,"href":"https:\/\/die-jobcoaches.de\/en\/wp-json\/wp\/v2\/comments?post=54"}],"version-history":[{"count":11,"href":"https:\/\/die-jobcoaches.de\/en\/wp-json\/wp\/v2\/pages\/54\/revisions"}],"predecessor-version":[{"id":48923,"href":"https:\/\/die-jobcoaches.de\/en\/wp-json\/wp\/v2\/pages\/54\/revisions\/48923"}],"wp:attachment":[{"href":"https:\/\/die-jobcoaches.de\/en\/wp-json\/wp\/v2\/media?parent=54"}],"curies":[{"name":"wp","href":"https:\/\/api.w.org\/{rel}","templated":true}]}}